{"id":30,"date":"2023-03-30T13:01:09","date_gmt":"2023-03-30T17:01:09","guid":{"rendered":"https:\/\/espmat-cpaq.ufms.br\/?page_id=30"},"modified":"2023-04-05T21:04:43","modified_gmt":"2023-04-06T01:04:43","slug":"documentos","status":"publish","type":"page","link":"https:\/\/espmat-cpaq.ufms.br\/en\/documentos\/","title":{"rendered":"Documentos"},"content":{"rendered":"<p><strong>Documentos<br \/>\n<\/strong><\/p>\n<p>01 &#8211; <a href=\"https:\/\/drive.google.com\/file\/d\/1Pa9HlAUNfRE4udiUrpH12crGveoZSzDS\/view?usp=share_link\">Projeto Pedag\u00f3gico do Curso de Especializa\u00e7\u00e3o em Ensino de Matem\u00e1tica<\/a><\/p>\n<p>02 &#8211; <a href=\"https:\/\/drive.google.com\/file\/d\/1EFu41wI6jKyngMON6OmiR35rxUz8KQXI\/view?usp=share_link\"><span style=\"font-weight: 400\">Normas Regulamentadoras dos Cursos de P\u00f3s-Gradua\u00e7\u00e3o lato sensu da UFMS<\/span><\/a><\/p>\n","protected":false},"excerpt":{"rendered":"<p>Documentos 01 &#8211; Projeto Pedag\u00f3gico do Curso de Especializa\u00e7\u00e3o em Ensino de Matem\u00e1tica 02 &#8211; Normas Regulamentadoras dos Cursos de P\u00f3s-Gradua\u00e7\u00e3o lato sensu da UFMS<\/p>\n","protected":false},"author":1449,"featured_media":49,"parent":0,"menu_order":0,"comment_status":"closed","ping_status":"closed","template":"page-templates\/page-coordenadorias.php","meta":{"footnotes":""},"coauthors":[],"class_list":["post-30","page","type-page","status-publish","has-post-thumbnail","hentry"],"_links":{"self":[{"href":"https:\/\/espmat-cpaq.ufms.br\/en\/wp-json\/wp\/v2\/pages\/30","targetHints":{"allow":["GET"]}}],"collection":[{"href":"https:\/\/espmat-cpaq.ufms.br\/en\/wp-json\/wp\/v2\/pages"}],"about":[{"href":"https:\/\/espmat-cpaq.ufms.br\/en\/wp-json\/wp\/v2\/types\/page"}],"author":[{"embeddable":true,"href":"https:\/\/espmat-cpaq.ufms.br\/en\/wp-json\/wp\/v2\/users\/1449"}],"replies":[{"embeddable":true,"href":"https:\/\/espmat-cpaq.ufms.br\/en\/wp-json\/wp\/v2\/comments?post=30"}],"version-history":[{"count":3,"href":"https:\/\/espmat-cpaq.ufms.br\/en\/wp-json\/wp\/v2\/pages\/30\/revisions"}],"predecessor-version":[{"id":63,"href":"https:\/\/espmat-cpaq.ufms.br\/en\/wp-json\/wp\/v2\/pages\/30\/revisions\/63"}],"wp:featuredmedia":[{"embeddable":true,"href":"https:\/\/espmat-cpaq.ufms.br\/en\/wp-json\/wp\/v2\/media\/49"}],"wp:attachment":[{"href":"https:\/\/espmat-cpaq.ufms.br\/en\/wp-json\/wp\/v2\/media?parent=30"}],"wp:term":[{"taxonomy":"author","embeddable":true,"href":"https:\/\/espmat-cpaq.ufms.br\/en\/wp-json\/wp\/v2\/coauthors?post=30"}],"curies":[{"name":"wp","href":"https:\/\/api.w.org\/{rel}","templated":true}]}}