{"id":23,"date":"2023-03-30T12:59:25","date_gmt":"2023-03-30T16:59:25","guid":{"rendered":"https:\/\/espmat-cpaq.ufms.br\/?page_id=23"},"modified":"2023-04-05T20:55:31","modified_gmt":"2023-04-06T00:55:31","slug":"contatos","status":"publish","type":"page","link":"https:\/\/espmat-cpaq.ufms.br\/en\/contatos\/","title":{"rendered":"Contatos"},"content":{"rendered":"<p><strong>Secretaria de p\u00f3s-gradua\u00e7\u00e3o<\/strong><\/p>\n<p>Geovandir Andr\u00e9 Lordano<\/p>\n<p>Telefone: 3241-0310 \/ Ramal: 2310<\/p>\n<p>&nbsp;<\/p>\n<p><strong>Comiss\u00e3o Especial de Curso<\/strong><\/p>\n<p>Profa. Dra. Adriana Wagner (Presidente)<\/p>\n<p>Profa. Dra. Susilene Garcia da Silva Oliveira (Vice-Presidente)<\/p>\n<p>Profa. Dra. Juliana Alves de Souza<\/p>\n<p>Prof. Me. Claudio Eduardo Pupim<\/p>\n<p>Telefone: (67) 3241- 0420 \/ Ramal: 2420<\/p>\n<p>email: <a href=\"mailto:espmat.cpaq@ufms.br\">espmat.cpaq@ufms.br<\/a><\/p>\n","protected":false},"excerpt":{"rendered":"<p>Secretaria de p\u00f3s-gradua\u00e7\u00e3o Geovandir Andr\u00e9 Lordano Telefone: 3241-0310 \/ Ramal: 2310 &nbsp; Comiss\u00e3o Especial de Curso Profa. Dra. Adriana Wagner (Presidente) Profa. Dra. Susilene Garcia da Silva Oliveira (Vice-Presidente) Profa. Dra. Juliana Alves de Souza Prof. Me. Claudio Eduardo Pupim Telefone: (67) 3241- 0420 \/ Ramal: 2420 email: espmat.cpaq@ufms.br<\/p>\n","protected":false},"author":1449,"featured_media":49,"parent":0,"menu_order":0,"comment_status":"closed","ping_status":"closed","template":"page-templates\/page-coordenadorias.php","meta":{"footnotes":""},"coauthors":[],"class_list":["post-23","page","type-page","status-publish","has-post-thumbnail","hentry"],"_links":{"self":[{"href":"https:\/\/espmat-cpaq.ufms.br\/en\/wp-json\/wp\/v2\/pages\/23","targetHints":{"allow":["GET"]}}],"collection":[{"href":"https:\/\/espmat-cpaq.ufms.br\/en\/wp-json\/wp\/v2\/pages"}],"about":[{"href":"https:\/\/espmat-cpaq.ufms.br\/en\/wp-json\/wp\/v2\/types\/page"}],"author":[{"embeddable":true,"href":"https:\/\/espmat-cpaq.ufms.br\/en\/wp-json\/wp\/v2\/users\/1449"}],"replies":[{"embeddable":true,"href":"https:\/\/espmat-cpaq.ufms.br\/en\/wp-json\/wp\/v2\/comments?post=23"}],"version-history":[{"count":5,"href":"https:\/\/espmat-cpaq.ufms.br\/en\/wp-json\/wp\/v2\/pages\/23\/revisions"}],"predecessor-version":[{"id":61,"href":"https:\/\/espmat-cpaq.ufms.br\/en\/wp-json\/wp\/v2\/pages\/23\/revisions\/61"}],"wp:featuredmedia":[{"embeddable":true,"href":"https:\/\/espmat-cpaq.ufms.br\/en\/wp-json\/wp\/v2\/media\/49"}],"wp:attachment":[{"href":"https:\/\/espmat-cpaq.ufms.br\/en\/wp-json\/wp\/v2\/media?parent=23"}],"wp:term":[{"taxonomy":"author","embeddable":true,"href":"https:\/\/espmat-cpaq.ufms.br\/en\/wp-json\/wp\/v2\/coauthors?post=23"}],"curies":[{"name":"wp","href":"https:\/\/api.w.org\/{rel}","templated":true}]}}